{"id":12,"date":"2024-11-06T16:24:13","date_gmt":"2024-11-06T15:24:13","guid":{"rendered":"https:\/\/dev.lavie.p8.eu\/?page_id=12"},"modified":"2025-02-14T12:31:43","modified_gmt":"2025-02-14T11:31:43","slug":"impressum","status":"publish","type":"page","link":"https:\/\/dev.lavie.p8.eu\/?page_id=12","title":{"rendered":"Impressum"},"content":{"rendered":"<p><strong>Haftungshinweis: Das nachstehende Muster ist von einem Rechtsanwalt (<a href=\"https:\/\/drschwenke.de\" rel=\"nofollow\">https:\/\/drschwenke.de<\/a>) entsprechend den typischen Anforderungen eines Onlineshops erstellt worden.\u00a0Jedoch sollten Sie das Muster nur\u00a0nach sorgf\u00e4ltiger Pr\u00fcfung und Anpassung auf Ihr konkretes Gesch\u00e4ftsmodell verwenden. Das nachfolgende Muster enth\u00e4lt daher zus\u00e4tzliche Hinweise, die Sie beachten m\u00fcssen und rote Passagen, die Sie besonders pr\u00fcfen und ggf. anpassen m\u00fcssen. Bitte entfernen Sie die Hinweise nach der Bearbeitung. Lassen Sie sich im Zweifel rechtlich beraten. Urheberrecht: Sie d\u00fcrfen das Muster solange innerhalb der Domain\/Website nutzen, solange f\u00fcr diese auch Ihre Marketpress-Lizenz gilt. Weitergabe an Dritte, auch an Kunden (z.B. als Entwickler) ist nicht erlaubt.<\/strong><\/p>\n<p>DemoShop e.K.,<br \/>\nInhaber: Max Muster Demostra\u00dfe 1<br \/>\n12345 Demostadt<\/p>\n<p>Gesch\u00e4ftsf\u00fchrung: Max Muster<br \/>\n[Einzelunternehmer d\u00fcrfen sich nur als Inhaber, nicht als Gesch\u00e4ftsf\u00fchrer bezeichnen. Bei Gesellschaften, z.B. GbR\/OHG\/UG\/GmbH m\u00fcssen die Gesch\u00e4ftsf\u00fchrer, bzw. gesch\u00e4ftsf\u00fchrenden Gesellschafter genannt werden, z.B. bei einer GmbH &#8222;Gesch\u00e4ftsf\u00fchrer: Max Mustermann&#8220; oder bei einer GbR &#8222;Gesellschafter: Max Mustermann, Peter M\u00fcller&#8220;]<\/p>\n<p>Telefonnummer: 0123456789<br \/>\nFaxnummer:\u00a00123456789 [Hinweis: Die Faxnummer ist optional]<br \/>\nE-Mailadresse:\u00a0name @ marketpress.com<\/p>\n<p>Andere Kommunikationsmittel: [Hinweis: Bieten Sie neben der Telefonnummer auch Online-Kommunikationsmittel an, die es den Kunden erm\u00f6glichen, ihre Korrespondenz auf einem dauerhaften Datentr\u00e4ger mit Datum und Uhrzeit zu speichern (z.B. Messenger), so sollten diese Kommunikationsmittel nun im Impressum angegeben werden (z.B. durch Angabe des Namens des Messengers und der dort verwendeten Telefonnummer).]<\/p>\n<p>Registergericht &amp; Registernummer: Amtsgericht Demostadt: HR 12345<br \/>\n[Diese Angabe ist notwendig, falls Sie im Handels\/Gesellschaftsregister o.\u00e4. registriert sind]<\/p>\n<p>Umsatzsteuer-Identifikationsnummer: DE 189 278 309<br \/>\n[Diese Angabe ist notwendig, falls Ihnen eine UStId-Nr zugeteilt worden ist.]<\/p>\n<p>Inhaltlich verantwortlich: Max Muster, Adresse wie oben.<br \/>\n[Diese Angabe ist notwendig, falls Sie einen Blog zum Shop f\u00fchren.]<\/p>\n<p>Plattform der Europ\u00e4ischen Kommission zur Online-Streitbeilegung (OS) f\u00fcr Verbraucher: https:\/\/ec.europa.eu\/consumers\/odr\/. Wir sind nicht bereit und nicht verpflichtet an einem Streitbeilegungsverfahren vor einer Verbraucherschlichtungsstelle teilzunehmen.<\/p>\n<p>[Hinweis: Angaben zum Haftungsausschluss, wie der Linkhaftung, sind nicht notwendig]<\/p>\n","protected":false},"excerpt":{"rendered":"<p>Haftungshinweis: Das nachstehende Muster ist von einem Rechtsanwalt (https:\/\/drschwenke.de) entsprechend den typischen Anforderungen eines Onlineshops erstellt worden.\u00a0Jedoch sollten Sie das Muster nur\u00a0nach sorgf\u00e4ltiger Pr\u00fcfung und Anpassung auf Ihr konkretes Gesch\u00e4ftsmodell verwenden. Das nachfolgende Muster enth\u00e4lt daher zus\u00e4tzliche Hinweise, die Sie beachten m\u00fcssen und rote Passagen, die Sie besonders pr\u00fcfen und ggf. anpassen m\u00fcssen. Bitte entfernen [&hellip;]<\/p>\n","protected":false},"author":1,"featured_media":0,"parent":0,"menu_order":0,"comment_status":"closed","ping_status":"closed","template":"","meta":{"inline_featured_image":false,"footnotes":""},"class_list":["post-12","page","type-page","status-publish","hentry"],"yoast_head":"<!-- This site is optimized with the Yoast SEO plugin v24.4 - https:\/\/yoast.com\/wordpress\/plugins\/seo\/ -->\n<title>Impressum - LaVie Webshop<\/title>\n<meta name=\"robots\" content=\"index, follow, max-snippet:-1, max-image-preview:large, max-video-preview:-1\" \/>\n<link rel=\"canonical\" href=\"https:\/\/dev.lavie.p8.eu\/?page_id=12\" \/>\n<meta property=\"og:locale\" content=\"de_DE\" \/>\n<meta property=\"og:type\" content=\"article\" \/>\n<meta property=\"og:title\" content=\"Impressum - LaVie Webshop\" \/>\n<meta property=\"og:description\" content=\"Haftungshinweis: Das nachstehende Muster ist von einem Rechtsanwalt (https:\/\/drschwenke.de) entsprechend den typischen Anforderungen eines Onlineshops erstellt worden.\u00a0Jedoch sollten Sie das Muster nur\u00a0nach sorgf\u00e4ltiger Pr\u00fcfung und Anpassung auf Ihr konkretes Gesch\u00e4ftsmodell verwenden. Das nachfolgende Muster enth\u00e4lt daher zus\u00e4tzliche Hinweise, die Sie beachten m\u00fcssen und rote Passagen, die Sie besonders pr\u00fcfen und ggf. anpassen m\u00fcssen. Bitte entfernen [&hellip;]\" \/>\n<meta property=\"og:url\" content=\"https:\/\/dev.lavie.p8.eu\/?page_id=12\" \/>\n<meta property=\"og:site_name\" content=\"LaVie Webshop\" \/>\n<meta property=\"article:modified_time\" content=\"2025-02-14T11:31:43+00:00\" \/>\n<meta name=\"twitter:card\" content=\"summary_large_image\" \/>\n<meta name=\"twitter:label1\" content=\"Gesch\u00e4tzte Lesezeit\" \/>\n\t<meta name=\"twitter:data1\" content=\"2\u00a0Minuten\" \/>\n<script type=\"application\/ld+json\" class=\"yoast-schema-graph\">{\"@context\":\"https:\/\/schema.org\",\"@graph\":[{\"@type\":\"WebPage\",\"@id\":\"https:\/\/dev.lavie.p8.eu\/?page_id=12\",\"url\":\"https:\/\/dev.lavie.p8.eu\/?page_id=12\",\"name\":\"Impressum - LaVie Webshop\",\"isPartOf\":{\"@id\":\"https:\/\/dev.lavie.p8.eu\/#website\"},\"datePublished\":\"2024-11-06T15:24:13+00:00\",\"dateModified\":\"2025-02-14T11:31:43+00:00\",\"breadcrumb\":{\"@id\":\"https:\/\/dev.lavie.p8.eu\/?page_id=12#breadcrumb\"},\"inLanguage\":\"de\",\"potentialAction\":[{\"@type\":\"ReadAction\",\"target\":[\"https:\/\/dev.lavie.p8.eu\/?page_id=12\"]}]},{\"@type\":\"BreadcrumbList\",\"@id\":\"https:\/\/dev.lavie.p8.eu\/?page_id=12#breadcrumb\",\"itemListElement\":[{\"@type\":\"ListItem\",\"position\":1,\"name\":\"Startseite\",\"item\":\"https:\/\/dev.lavie.p8.eu\/\"},{\"@type\":\"ListItem\",\"position\":2,\"name\":\"Impressum\"}]},{\"@type\":\"WebSite\",\"@id\":\"https:\/\/dev.lavie.p8.eu\/#website\",\"url\":\"https:\/\/dev.lavie.p8.eu\/\",\"name\":\"LaVie Webshop\",\"description\":\"\",\"potentialAction\":[{\"@type\":\"SearchAction\",\"target\":{\"@type\":\"EntryPoint\",\"urlTemplate\":\"https:\/\/dev.lavie.p8.eu\/?s={search_term_string}\"},\"query-input\":{\"@type\":\"PropertyValueSpecification\",\"valueRequired\":true,\"valueName\":\"search_term_string\"}}],\"inLanguage\":\"de\"}]}<\/script>\n<!-- \/ Yoast SEO plugin. -->","yoast_head_json":{"title":"Impressum - LaVie Webshop","robots":{"index":"index","follow":"follow","max-snippet":"max-snippet:-1","max-image-preview":"max-image-preview:large","max-video-preview":"max-video-preview:-1"},"canonical":"https:\/\/dev.lavie.p8.eu\/?page_id=12","og_locale":"de_DE","og_type":"article","og_title":"Impressum - LaVie Webshop","og_description":"Haftungshinweis: Das nachstehende Muster ist von einem Rechtsanwalt (https:\/\/drschwenke.de) entsprechend den typischen Anforderungen eines Onlineshops erstellt worden.\u00a0Jedoch sollten Sie das Muster nur\u00a0nach sorgf\u00e4ltiger Pr\u00fcfung und Anpassung auf Ihr konkretes Gesch\u00e4ftsmodell verwenden. Das nachfolgende Muster enth\u00e4lt daher zus\u00e4tzliche Hinweise, die Sie beachten m\u00fcssen und rote Passagen, die Sie besonders pr\u00fcfen und ggf. anpassen m\u00fcssen. Bitte entfernen [&hellip;]","og_url":"https:\/\/dev.lavie.p8.eu\/?page_id=12","og_site_name":"LaVie Webshop","article_modified_time":"2025-02-14T11:31:43+00:00","twitter_card":"summary_large_image","twitter_misc":{"Gesch\u00e4tzte Lesezeit":"2\u00a0Minuten"},"schema":{"@context":"https:\/\/schema.org","@graph":[{"@type":"WebPage","@id":"https:\/\/dev.lavie.p8.eu\/?page_id=12","url":"https:\/\/dev.lavie.p8.eu\/?page_id=12","name":"Impressum - LaVie Webshop","isPartOf":{"@id":"https:\/\/dev.lavie.p8.eu\/#website"},"datePublished":"2024-11-06T15:24:13+00:00","dateModified":"2025-02-14T11:31:43+00:00","breadcrumb":{"@id":"https:\/\/dev.lavie.p8.eu\/?page_id=12#breadcrumb"},"inLanguage":"de","potentialAction":[{"@type":"ReadAction","target":["https:\/\/dev.lavie.p8.eu\/?page_id=12"]}]},{"@type":"BreadcrumbList","@id":"https:\/\/dev.lavie.p8.eu\/?page_id=12#breadcrumb","itemListElement":[{"@type":"ListItem","position":1,"name":"Startseite","item":"https:\/\/dev.lavie.p8.eu\/"},{"@type":"ListItem","position":2,"name":"Impressum"}]},{"@type":"WebSite","@id":"https:\/\/dev.lavie.p8.eu\/#website","url":"https:\/\/dev.lavie.p8.eu\/","name":"LaVie Webshop","description":"","potentialAction":[{"@type":"SearchAction","target":{"@type":"EntryPoint","urlTemplate":"https:\/\/dev.lavie.p8.eu\/?s={search_term_string}"},"query-input":{"@type":"PropertyValueSpecification","valueRequired":true,"valueName":"search_term_string"}}],"inLanguage":"de"}]}},"_links":{"self":[{"href":"https:\/\/dev.lavie.p8.eu\/index.php?rest_route=\/wp\/v2\/pages\/12","targetHints":{"allow":["GET"]}}],"collection":[{"href":"https:\/\/dev.lavie.p8.eu\/index.php?rest_route=\/wp\/v2\/pages"}],"about":[{"href":"https:\/\/dev.lavie.p8.eu\/index.php?rest_route=\/wp\/v2\/types\/page"}],"author":[{"embeddable":true,"href":"https:\/\/dev.lavie.p8.eu\/index.php?rest_route=\/wp\/v2\/users\/1"}],"replies":[{"embeddable":true,"href":"https:\/\/dev.lavie.p8.eu\/index.php?rest_route=%2Fwp%2Fv2%2Fcomments&post=12"}],"version-history":[{"count":1,"href":"https:\/\/dev.lavie.p8.eu\/index.php?rest_route=\/wp\/v2\/pages\/12\/revisions"}],"predecessor-version":[{"id":329,"href":"https:\/\/dev.lavie.p8.eu\/index.php?rest_route=\/wp\/v2\/pages\/12\/revisions\/329"}],"wp:attachment":[{"href":"https:\/\/dev.lavie.p8.eu\/index.php?rest_route=%2Fwp%2Fv2%2Fmedia&parent=12"}],"curies":[{"name":"wp","href":"https:\/\/api.w.org\/{rel}","templated":true}]}}